{"id":254,"date":"2018-12-25T02:42:49","date_gmt":"2018-12-25T02:42:49","guid":{"rendered":"https:\/\/demo.casethemes.net\/finano\/?page_id=254"},"modified":"2026-03-03T08:11:00","modified_gmt":"2026-03-03T08:11:00","slug":"contact","status":"publish","type":"page","link":"https:\/\/elitecontab.ro\/index.php\/contact\/","title":{"rendered":"Contact"},"content":{"rendered":"<div class=\"wpb-content-wrapper\"><p>[vc_row css=&#8221;.vc_custom_1545816911406{padding-right: 15px !important;padding-left: 15px !important;}&#8221;][vc_column ct_column_class=&#8221;rm-padding-sm&#8221; el_class=&#8221;col-boxshadow&#8221; css=&#8221;.vc_custom_1545897722938{padding-top: 0px !important;padding-right: 70px !important;padding-left: 70px !important;}&#8221;][ct_space space_lg=&#8221;70&#8243; space_md=&#8221;70&#8243; space_sm=&#8221;70&#8243; space_xs=&#8221;30&#8243;][vc_row_inner][vc_column_inner css=&#8221;.vc_custom_1545816757842{padding-top: 0px !important;}&#8221; offset=&#8221;vc_col-lg-9 vc_col-md-9&#8243;][ct_heading text=&#8221;Contacta\u021bi echipa noastr\u0103 de asisten\u021b\u0103 sau programa\u021bi o \u00eent\u00e2lnire cu <cite>consultantul nostru<\/cite>&#8221; font_size_xs=&#8221;26&#8243; font_weight=&#8221;&#8221; description_font_weight=&#8221;inherit&#8221;][\/vc_column_inner][vc_column_inner width=&#8221;1\/4&#8243; css=&#8221;.vc_custom_1545816763346{padding-top: 0px !important;}&#8221;][\/vc_column_inner][\/vc_row_inner][vc_empty_space height=&#8221;20&#8243;][vc_row_inner][vc_column_inner width=&#8221;7\/12&#8243;][vc_column_text css=&#8221;.vc_custom_1772454884637{margin-bottom: 9px !important;}&#8221;]<\/p>\n<pre id=\"tw-target-text\" class=\"tw-data-text tw-text-large tw-ta\" dir=\"ltr\" tabindex=\"-1\" role=\"text\" data-placeholder=\"Translation\" data-ved=\"2ahUKEwiY0OTwnIGTAxWQAxAIHdFHK9gQ3ewLegQIDBAW\" aria-label=\"Translated text: V\u0103 rug\u0103m s\u0103 ne contacta\u021bi folosind informa\u021biile de mai jos. Pentru informa\u021bii suplimentare despre serviciile noastre de consultan\u021b\u0103 \u00een management, v\u0103 rug\u0103m s\u0103 vizita\u021bi pagina corespunz\u0103toare de pe site-ul nostru.\"><span class=\"Y2IQFc\" lang=\"ro\">V\u0103 rug\u0103m s\u0103 ne contacta\u021bi folosind informa\u021biile de mai jos. Pentru informa\u021bii suplimentare despre serviciile noastre de consultan\u021b\u0103 \u00een management, v\u0103 rug\u0103m s\u0103 vizita\u021bi pagina corespunz\u0103toare de pe site-ul nostru.<\/span><\/pre>\n<p>[\/vc_column_text][ct_contact_info content_type=&#8221;map&#8221; button_text=&#8221;vizualizare pe hart\u0103&#8221; button_link=&#8221;url:https%3A%2F%2Fshare.google%2FQJZBLigfOCZJUBx8i&#8221; icon_list=&#8221;flaticon&#8221; title=&#8221;131 Dartmouth Street Boston, Massachusetts 02116 United States&#8221; icon_flaticon=&#8221;flaticon-urban&#8221; content_info=&#8221;T\u00e2rgovi\u0219te<br \/>\nStr. VASILE VOICULESCU,<br \/>\nBL.F1, sc. B, ap. 8&#8243;][vc_empty_space height=&#8221;21&#8243;][ct_contact_info content_type=&#8221;tel&#8221; icon_list=&#8221;flaticon&#8221; title=&#8221;131 Dartmouth Street Boston, Massachusetts 02116 United States&#8221; icon_flaticon=&#8221;flaticon-phone&#8221; content_info=&#8221; +40 722 662 076&#8243;][ct_contact_info content_type=&#8221;email&#8221; icon_list=&#8221;flaticon&#8221; title=&#8221;131 Dartmouth Street Boston, Massachusetts 02116 United States&#8221; icon_flaticon=&#8221;flaticon-mail&#8221; content_info=&#8221; office@contabildb.ro&#8221;][\/vc_column_inner][vc_column_inner width=&#8221;5\/12&#8243;][ct_space space_lg=&#8221;0&#8243; space_md=&#8221;0&#8243; space_sm=&#8221;0&#8243; space_xs=&#8221;32&#8243;][ct_contact_form id=&#8221;10&#8243;][\/vc_column_inner][\/vc_row_inner][ct_space space_lg=&#8221;80&#8243; space_md=&#8221;80&#8243; space_sm=&#8221;80&#8243; space_xs=&#8221;30&#8243;][\/vc_column][\/vc_row][vc_row full_width=&#8221;stretch_row_content_no_spaces&#8221;][vc_column css=&#8221;.vc_custom_1545818776944{padding-top: 0px !important;}&#8221;][vc_gmaps link=&#8221;#E-8_JTNDaWZyYW1lJTIwc3JjJTNEJTIyaHR0cHMlM0ElMkYlMkZ3d3cuZ29vZ2xlLmNvbSUyRm1hcHMlMkZlbWJlZCUzRnBiJTNEJTIxMW0xOCUyMTFtMTIlMjExbTMlMjExZDI4MjQuOTY4OTc4NzQzMjAxJTIxMmQyNS40NDY2OTc4NzUwNzgxNTQlMjEzZDQ0LjkyMzk2NjM2OTMyMzI2JTIxMm0zJTIxMWYwJTIxMmYwJTIxM2YwJTIxM20yJTIxMWkxMDI0JTIxMmk3NjglMjE0ZjEzLjElMjEzbTMlMjExbTIlMjExczB4NDBiMmY2YTA2ZTFhNDI5NSUyNTNBMHhkZDAwOTY3NWIxZTg5ZmQ2JTIxMnNCbG9jJTI1MjBGMSUyNTJDJTI1MjBTdHJhZGElMjUyMFZhc2lsZSUyNTIwVm9pY3VsZXNjdSUyNTIwRjElMjUyQyUyNTIwc2MuJTI1MjBCJTI1MkMlMjUyMGFwLiUyNTIwOCUyNTJDJTI1MjBUJTI1QzMlMjVBMnJnb3ZpJTI1QzglMjU5OXRlJTIxNWUwJTIxM20yJTIxMXNlbiUyMTJzcm8lMjE0djE3NzI0NTUzNTc1MzYlMjE1bTIlMjExc2VuJTIxMnNybyUyMiUyMHdpZHRoJTNEJTIyNjAwJTIyJTIwaGVpZ2h0JTNEJTIyNDUwJTIyJTIwc3R5bGUlM0QlMjJib3JkZXIlM0EwJTNCJTIyJTIwYWxsb3dmdWxsc2NyZWVuJTNEJTIyJTIyJTIwbG9hZGluZyUzRCUyMmxhenklMjIlMjByZWZlcnJlcnBvbGljeSUzRCUyMm5vLXJlZmVycmVyLXdoZW4tZG93bmdyYWRlJTIyJTNFJTNDJTJGaWZyYW1lJTNF&#8221; size=&#8221;420&#8243; css=&#8221;.vc_custom_1772455409359{margin-bottom: 0px !important;}&#8221;][\/vc_column][\/vc_row][vc_row full_width=&#8221;stretch_row&#8221; parallax=&#8221;content-moving&#8221; parallax_image=&#8221;381&#8243; parallax_speed_bg=&#8221;1.6&#8243; ct_row_class=&#8221;row-overlay&#8221; css=&#8221;.vc_custom_1772455107069{background-color: rgba(0,0,0,0.85) !important;*background-color: rgb(0,0,0) !important;}&#8221;][vc_column css=&#8221;.vc_custom_1545897303201{padding-top: 168px !important;padding-bottom: 45px !important;}&#8221;][vc_row_inner][vc_column_inner width=&#8221;1\/3&#8243; css=&#8221;.vc_custom_1545897296318{padding-top: 0px !important;padding-bottom: 50px !important;}&#8221;][ct_heading text=&#8221;Sediul social&#8221; font_size_sm=&#8221;24&#8243; font_size_xs=&#8221;24&#8243; font_weight=&#8221;&#8221; text_color=&#8221;#ffffff&#8221; description_font_weight=&#8221;inherit&#8221; margin_bottom=&#8221;26&#8243;][ct_contact_info content_color=&#8221;#ffffff&#8221; icon_list=&#8221;flaticon&#8221; icon_color=&#8221;#4bb1ff&#8221; content_info=&#8221;T\u00e2rgovi\u0219te, str. VASILE VOICULESCU, BL.F1, sc. B, ap. 8&#8243; icon_flaticon=&#8221;flaticon-pin&#8221; el_class=&#8221;style2&#8243;][vc_empty_space height=&#8221;19&#8243;][ct_contact_info content_color=&#8221;#ffffff&#8221; icon_list=&#8221;flaticon&#8221; icon_color=&#8221;#4bb1ff&#8221; content_info=&#8221; +40 722 662 076&#8243; icon_flaticon=&#8221;flaticon-phone&#8221; el_class=&#8221;style2&#8243;][vc_empty_space height=&#8221;19&#8243;][ct_contact_info content_color=&#8221;#ffffff&#8221; content_type=&#8221;email&#8221; icon_list=&#8221;flaticon&#8221; icon_color=&#8221;#4bb1ff&#8221; content_info=&#8221; office@contabildb.ro&#8221; icon_flaticon=&#8221;flaticon-mail&#8221; el_class=&#8221;style2&#8243;][\/vc_column_inner][vc_column_inner width=&#8221;1\/3&#8243; css=&#8221;.vc_custom_1545897291571{padding-top: 0px !important;padding-bottom: 50px !important;}&#8221;][ct_heading text=&#8221;Punctul de lucru&#8221; font_size_sm=&#8221;24&#8243; font_size_xs=&#8221;24&#8243; font_weight=&#8221;&#8221; text_color=&#8221;#ffffff&#8221; description_font_weight=&#8221;inherit&#8221; margin_bottom=&#8221;26&#8243;][ct_contact_info content_color=&#8221;#ffffff&#8221; icon_list=&#8221;flaticon&#8221; icon_color=&#8221;#4bb1ff&#8221; content_info=&#8221;T\u00e2rgovi\u0219te, str. Calea C\u00e2mpulung , nr. 35, D\u00e2mbovi\u021ba&#8221; icon_flaticon=&#8221;flaticon-pin&#8221; el_class=&#8221;style2&#8243;][vc_empty_space height=&#8221;19&#8243;][ct_contact_info content_color=&#8221;#ffffff&#8221; icon_list=&#8221;flaticon&#8221; icon_color=&#8221;#4bb1ff&#8221; content_info=&#8221; +40 722 662 076&#8243; icon_flaticon=&#8221;flaticon-phone&#8221; el_class=&#8221;style2&#8243;][vc_empty_space height=&#8221;19&#8243;][ct_contact_info content_color=&#8221;#ffffff&#8221; content_type=&#8221;email&#8221; icon_list=&#8221;flaticon&#8221; icon_color=&#8221;#4bb1ff&#8221; content_info=&#8221; office@contabildb.ro&#8221; icon_flaticon=&#8221;flaticon-mail&#8221; el_class=&#8221;style2&#8243;][\/vc_column_inner][\/vc_row_inner][\/vc_column][\/vc_row]<\/p>\n<\/div>","protected":false},"excerpt":{"rendered":"<p>[vc_row css=&#8221;.vc_custom_1545816911406{padding-right: 15px !important;padding-left: 15px !important;}&#8221;][vc_column ct_column_class=&#8221;rm-padding-sm&#8221; el_class=&#8221;col-boxshadow&#8221; css=&#8221;.vc_custom_1545897722938{padding-top: 0px !important;padding-right: 70px !important;padding-left: 70px !important;}&#8221;][ct_space space_lg=&#8221;70&#8243; space_md=&#8221;70&#8243; space_sm=&#8221;70&#8243; space_xs=&#8221;30&#8243;][vc_row_inner][vc_column_inner css=&#8221;.vc_custom_1545816757842{padding-top: 0px !important;}&#8221; offset=&#8221;vc_col-lg-9 vc_col-md-9&#8243;][ct_heading text=&#8221;Contacta\u021bi echipa noastr\u0103 de asisten\u021b\u0103 sau programa\u021bi o \u00eent\u00e2lnire cu consultantul nostru&#8221; font_size_xs=&#8221;26&#8243; font_weight=&#8221;&#8221; description_font_weight=&#8221;inherit&#8221;][\/vc_column_inner][vc_column_inner width=&#8221;1\/4&#8243; css=&#8221;.vc_custom_1545816763346{padding-top: 0px !important;}&#8221;][\/vc_column_inner][\/vc_row_inner][vc_empty_space height=&#8221;20&#8243;][vc_row_inner][vc_column_inner width=&#8221;7\/12&#8243;][vc_column_text css=&#8221;.vc_custom_1772454884637{margin-bottom: 9px !important;}&#8221;] V\u0103 rug\u0103m s\u0103 ne contacta\u021bi folosind informa\u021biile [&hellip;]<\/p>\n","protected":false},"author":1,"featured_media":0,"parent":0,"menu_order":0,"comment_status":"closed","ping_status":"closed","template":"","meta":{"footnotes":""},"class_list":["post-254","page","type-page","status-publish","hentry"],"_links":{"self":[{"href":"https:\/\/elitecontab.ro\/index.php\/wp-json\/wp\/v2\/pages\/254","targetHints":{"allow":["GET"]}}],"collection":[{"href":"https:\/\/elitecontab.ro\/index.php\/wp-json\/wp\/v2\/pages"}],"about":[{"href":"https:\/\/elitecontab.ro\/index.php\/wp-json\/wp\/v2\/types\/page"}],"author":[{"embeddable":true,"href":"https:\/\/elitecontab.ro\/index.php\/wp-json\/wp\/v2\/users\/1"}],"replies":[{"embeddable":true,"href":"https:\/\/elitecontab.ro\/index.php\/wp-json\/wp\/v2\/comments?post=254"}],"version-history":[{"count":8,"href":"https:\/\/elitecontab.ro\/index.php\/wp-json\/wp\/v2\/pages\/254\/revisions"}],"predecessor-version":[{"id":1668,"href":"https:\/\/elitecontab.ro\/index.php\/wp-json\/wp\/v2\/pages\/254\/revisions\/1668"}],"wp:attachment":[{"href":"https:\/\/elitecontab.ro\/index.php\/wp-json\/wp\/v2\/media?parent=254"}],"curies":[{"name":"wp","href":"https:\/\/api.w.org\/{rel}","templated":true}]}}